{"id":31,"date":"2021-06-11T21:40:19","date_gmt":"2021-06-11T21:40:19","guid":{"rendered":"http:\/\/www.rutadosfornos.es\/web\/?page_id=31"},"modified":"2022-06-23T11:09:44","modified_gmt":"2022-06-23T11:09:44","slug":"a-musica","status":"publish","type":"page","link":"https:\/\/www.rutadosfornos.es\/web\/a-musica\/","title":{"rendered":"A M\u00daSICA!"},"content":{"rendered":"\n<p>A ambientaci\u00f3n musical estar\u00e1 a cargo dos grupos que seguen, un elenco importante de formaci\u00f3ns na que a m\u00fasica tradicional galega ser\u00e1 a protagonista.<\/p>\n\n\n\n<div class=\"wp-block-cover has-custom-content-position is-position-bottom-right\" style=\"min-height:549px;aspect-ratio:unset;\"><span aria-hidden=\"true\" class=\"wp-block-cover__background has-background-dim\"><\/span><img loading=\"lazy\" decoding=\"async\" width=\"1130\" height=\"854\" class=\"wp-block-cover__image-background wp-image-107\" alt=\"\" src=\"https:\/\/www.rutadosfornos.es\/web\/wp-content\/uploads\/2022\/06\/WhatsApp-Image-2022-06-07-at-1.39.39-PM.jpeg\" data-object-fit=\"cover\" srcset=\"https:\/\/www.rutadosfornos.es\/web\/wp-content\/uploads\/2022\/06\/WhatsApp-Image-2022-06-07-at-1.39.39-PM.jpeg 1130w, https:\/\/www.rutadosfornos.es\/web\/wp-content\/uploads\/2022\/06\/WhatsApp-Image-2022-06-07-at-1.39.39-PM-300x227.jpeg 300w, https:\/\/www.rutadosfornos.es\/web\/wp-content\/uploads\/2022\/06\/WhatsApp-Image-2022-06-07-at-1.39.39-PM-1024x774.jpeg 1024w, https:\/\/www.rutadosfornos.es\/web\/wp-content\/uploads\/2022\/06\/WhatsApp-Image-2022-06-07-at-1.39.39-PM-768x580.jpeg 768w, https:\/\/www.rutadosfornos.es\/web\/wp-content\/uploads\/2022\/06\/WhatsApp-Image-2022-06-07-at-1.39.39-PM-250x189.jpeg 250w\" sizes=\"(max-width: 1130px) 100vw, 1130px\" \/><div class=\"wp-block-cover__inner-container is-layout-flow wp-block-cover-is-layout-flow\">\n<p class=\"has-large-font-size\">FEITIZO DE PAU &#8211; CEA<\/p>\n<\/div><\/div>\n\n\n\n<div class=\"wp-block-cover has-custom-content-position is-position-bottom-right\" style=\"min-height:624px;aspect-ratio:unset;\"><span aria-hidden=\"true\" class=\"wp-block-cover__background has-background-dim\"><\/span><img loading=\"lazy\" decoding=\"async\" width=\"1080\" height=\"810\" class=\"wp-block-cover__image-background wp-image-113\" alt=\"\" src=\"https:\/\/www.rutadosfornos.es\/web\/wp-content\/uploads\/2022\/06\/WhatsApp-Image-2022-06-07-at-1.35.38-PM.jpeg\" data-object-fit=\"cover\" srcset=\"https:\/\/www.rutadosfornos.es\/web\/wp-content\/uploads\/2022\/06\/WhatsApp-Image-2022-06-07-at-1.35.38-PM.jpeg 1080w, https:\/\/www.rutadosfornos.es\/web\/wp-content\/uploads\/2022\/06\/WhatsApp-Image-2022-06-07-at-1.35.38-PM-300x225.jpeg 300w, https:\/\/www.rutadosfornos.es\/web\/wp-content\/uploads\/2022\/06\/WhatsApp-Image-2022-06-07-at-1.35.38-PM-1024x768.jpeg 1024w, https:\/\/www.rutadosfornos.es\/web\/wp-content\/uploads\/2022\/06\/WhatsApp-Image-2022-06-07-at-1.35.38-PM-768x576.jpeg 768w, https:\/\/www.rutadosfornos.es\/web\/wp-content\/uploads\/2022\/06\/WhatsApp-Image-2022-06-07-at-1.35.38-PM-250x188.jpeg 250w\" sizes=\"(max-width: 1080px) 100vw, 1080px\" \/><div class=\"wp-block-cover__inner-container is-layout-flow wp-block-cover-is-layout-flow\">\n<p class=\"has-white-color has-text-color has-large-font-size\">CANDAIRA &#8211; CASTRELO DE VAL<\/p>\n<\/div><\/div>\n\n\n\n<div class=\"wp-block-cover has-custom-content-position is-position-bottom-right\" style=\"min-height:474px;aspect-ratio:unset;\"><span aria-hidden=\"true\" class=\"wp-block-cover__background has-background-dim\"><\/span><img loading=\"lazy\" decoding=\"async\" width=\"2048\" height=\"956\" class=\"wp-block-cover__image-background wp-image-110\" alt=\"\" src=\"https:\/\/www.rutadosfornos.es\/web\/wp-content\/uploads\/2022\/06\/WhatsApp-Image-2022-05-28-at-5.39.20-PM.jpeg\" data-object-fit=\"cover\" srcset=\"https:\/\/www.rutadosfornos.es\/web\/wp-content\/uploads\/2022\/06\/WhatsApp-Image-2022-05-28-at-5.39.20-PM.jpeg 2048w, https:\/\/www.rutadosfornos.es\/web\/wp-content\/uploads\/2022\/06\/WhatsApp-Image-2022-05-28-at-5.39.20-PM-300x140.jpeg 300w, https:\/\/www.rutadosfornos.es\/web\/wp-content\/uploads\/2022\/06\/WhatsApp-Image-2022-05-28-at-5.39.20-PM-1024x478.jpeg 1024w, https:\/\/www.rutadosfornos.es\/web\/wp-content\/uploads\/2022\/06\/WhatsApp-Image-2022-05-28-at-5.39.20-PM-768x359.jpeg 768w, https:\/\/www.rutadosfornos.es\/web\/wp-content\/uploads\/2022\/06\/WhatsApp-Image-2022-05-28-at-5.39.20-PM-1536x717.jpeg 1536w, https:\/\/www.rutadosfornos.es\/web\/wp-content\/uploads\/2022\/06\/WhatsApp-Image-2022-05-28-at-5.39.20-PM-250x117.jpeg 250w\" sizes=\"(max-width: 2048px) 100vw, 2048px\" \/><div class=\"wp-block-cover__inner-container is-layout-flow wp-block-cover-is-layout-flow\">\n<p class=\"has-large-font-size\">PRATOS MORNOS &#8211; VIGO<\/p>\n<\/div><\/div>\n\n\n\n<div class=\"wp-block-cover has-custom-content-position is-position-bottom-right\" style=\"min-height:481px;aspect-ratio:unset;\"><span aria-hidden=\"true\" class=\"wp-block-cover__background has-background-dim\"><\/span><img loading=\"lazy\" decoding=\"async\" width=\"1080\" height=\"810\" class=\"wp-block-cover__image-background wp-image-112\" alt=\"\" src=\"https:\/\/www.rutadosfornos.es\/web\/wp-content\/uploads\/2022\/06\/WhatsApp-Image-2022-05-28-at-5.45.43-PM-1.jpeg\" data-object-fit=\"cover\" srcset=\"https:\/\/www.rutadosfornos.es\/web\/wp-content\/uploads\/2022\/06\/WhatsApp-Image-2022-05-28-at-5.45.43-PM-1.jpeg 1080w, https:\/\/www.rutadosfornos.es\/web\/wp-content\/uploads\/2022\/06\/WhatsApp-Image-2022-05-28-at-5.45.43-PM-1-300x225.jpeg 300w, https:\/\/www.rutadosfornos.es\/web\/wp-content\/uploads\/2022\/06\/WhatsApp-Image-2022-05-28-at-5.45.43-PM-1-1024x768.jpeg 1024w, https:\/\/www.rutadosfornos.es\/web\/wp-content\/uploads\/2022\/06\/WhatsApp-Image-2022-05-28-at-5.45.43-PM-1-768x576.jpeg 768w, https:\/\/www.rutadosfornos.es\/web\/wp-content\/uploads\/2022\/06\/WhatsApp-Image-2022-05-28-at-5.45.43-PM-1-250x188.jpeg 250w\" sizes=\"(max-width: 1080px) 100vw, 1080px\" \/><div class=\"wp-block-cover__inner-container is-layout-flow wp-block-cover-is-layout-flow\">\n<p class=\"has-large-font-size\">PANDERETEIRAS DE CELAVELLA &#8211; CELANOVA<\/p>\n<\/div><\/div>\n","protected":false},"excerpt":{"rendered":"<p>A ambientaci\u00f3n musical estar\u00e1 a cargo dos grupos que seguen, un elenco importante de formaci\u00f3ns na que a m\u00fasica tradicional galega ser\u00e1 a protagonista.<\/p>\n","protected":false},"author":1,"featured_media":0,"parent":0,"menu_order":0,"comment_status":"closed","ping_status":"closed","template":"template-page-fullwidth.php","meta":{"footnotes":""},"_links":{"self":[{"href":"https:\/\/www.rutadosfornos.es\/web\/wp-json\/wp\/v2\/pages\/31"}],"collection":[{"href":"https:\/\/www.rutadosfornos.es\/web\/wp-json\/wp\/v2\/pages"}],"about":[{"href":"https:\/\/www.rutadosfornos.es\/web\/wp-json\/wp\/v2\/types\/page"}],"author":[{"embeddable":true,"href":"https:\/\/www.rutadosfornos.es\/web\/wp-json\/wp\/v2\/users\/1"}],"replies":[{"embeddable":true,"href":"https:\/\/www.rutadosfornos.es\/web\/wp-json\/wp\/v2\/comments?post=31"}],"version-history":[{"count":12,"href":"https:\/\/www.rutadosfornos.es\/web\/wp-json\/wp\/v2\/pages\/31\/revisions"}],"predecessor-version":[{"id":114,"href":"https:\/\/www.rutadosfornos.es\/web\/wp-json\/wp\/v2\/pages\/31\/revisions\/114"}],"wp:attachment":[{"href":"https:\/\/www.rutadosfornos.es\/web\/wp-json\/wp\/v2\/media?parent=31"}],"curies":[{"name":"wp","href":"https:\/\/api.w.org\/{rel}","templated":true}]}}