{"id":91,"date":"2022-06-23T09:03:29","date_gmt":"2022-06-23T09:03:29","guid":{"rendered":"https:\/\/www.rutadosfornos.es\/web\/?page_id=91"},"modified":"2022-06-23T10:04:04","modified_gmt":"2022-06-23T10:04:04","slug":"edicion-2020","status":"publish","type":"page","link":"https:\/\/www.rutadosfornos.es\/web\/edicion-2020\/","title":{"rendered":"EDICI\u00d3N 2020"},"content":{"rendered":"\n<p>PROGRAMA<\/p>\n\n\n\n<p><strong>Lugar:<\/strong> San Cristovo de Cea<\/p>\n\n\n\n<p><strong>Hora:<\/strong> de 18 a 22 horas<\/p>\n\n\n\n<p><strong>Prazas limitadas<\/strong><\/p>\n\n\n\n<p><strong>Ubicaci\u00f3ns: <\/strong><\/p>\n\n\n\n<ul><li>Praza do Lodairo<\/li><li>Forno do Lodairo<\/li><li>Forno da Parapeta<\/li><li>Forno do Santo<\/li><li>Forno do Abade<\/li><li>Forno da Cebola<\/li><li>Albergue<\/li><li>Forno da Cruz<\/li><li>Praza do Santo Cristo<\/li><li>Praza de San Lorenzo<\/li><\/ul>\n\n\n\n<p><strong>Retirada de pulseiras na Praza Maior<\/strong>, para participantes previamente rexistrados exclusivamente, e subministrase a cada un vaso e prato non retornable. En cada \u00abforno\u00bb os petiscos e vi\u00f1os ser\u00e1n servidos de forma individual por membros da organizaci\u00f3n, evitando en todo momento aglomeraci\u00f3ns e mantendo a distancia de seguirdade de 1.5 metros nas colas que se podan producir.<\/p>\n\n\n\n<p><strong>A Organizaci\u00f3n, por protocolo, NON proporcionar\u00e1 servilletas nin panos aos asistentes, cada petisco ser\u00e1 servido de forma individual con pinza e cada vi\u00f1o ser\u00e1 servido de xeito individual.<\/strong><\/p>\n\n\n\n<p>Nas r\u00faas ver\u00e1n <strong>frechas indicadoras<\/strong> dos percorrido recomendado para ir a cada unha das ubicaci\u00f3ns.<\/p>\n\n\n\n<p>A ambientaci\u00f3n musical ser\u00e1 a carga de diferentes grupos de musica tradicional. Pregamos <strong>se garden distancias en todo momento e se eviten aglomeraci\u00f3ns na s\u00faa contorna.<\/strong><\/p>\n\n\n\n<p><\/p>\n\n\n\n<p>\u00c1s 22:30 horas <strong>Concerto de Javier Ojeda<\/strong> (Danza Invisible) na Praza Maior.<\/p>\n\n\n\n<p><strong>Asiento numerado, con rexistro previo e prazas limitadas<\/strong><\/p>\n\n\n\n<p>Gratuito, rexistro a traves de rexistro@rutadosfornos.es u no WhatsApp 672122300, co asunto CONCERTO JAVIER OJEDA.<\/p>\n\n\n\n<p>A M\u00daSICA PUX\u00c9RONA:<\/p>\n\n\n\n<figure class=\"wp-block-image size-large\"><img loading=\"lazy\" decoding=\"async\" width=\"1024\" height=\"678\" src=\"https:\/\/www.rutadosfornos.es\/web\/wp-content\/uploads\/2021\/06\/WhatsApp-Image-2021-06-12-at-15.22.14-1024x678.jpeg\" alt=\"\" class=\"wp-image-50\" srcset=\"https:\/\/www.rutadosfornos.es\/web\/wp-content\/uploads\/2021\/06\/WhatsApp-Image-2021-06-12-at-15.22.14-1024x678.jpeg 1024w, https:\/\/www.rutadosfornos.es\/web\/wp-content\/uploads\/2021\/06\/WhatsApp-Image-2021-06-12-at-15.22.14-300x199.jpeg 300w, https:\/\/www.rutadosfornos.es\/web\/wp-content\/uploads\/2021\/06\/WhatsApp-Image-2021-06-12-at-15.22.14-768x509.jpeg 768w, https:\/\/www.rutadosfornos.es\/web\/wp-content\/uploads\/2021\/06\/WhatsApp-Image-2021-06-12-at-15.22.14-1536x1018.jpeg 1536w, https:\/\/www.rutadosfornos.es\/web\/wp-content\/uploads\/2021\/06\/WhatsApp-Image-2021-06-12-at-15.22.14-250x166.jpeg 250w, https:\/\/www.rutadosfornos.es\/web\/wp-content\/uploads\/2021\/06\/WhatsApp-Image-2021-06-12-at-15.22.14.jpeg 1600w\" sizes=\"(max-width: 1024px) 100vw, 1024px\" \/><figcaption>FEITIZO DE PAU &#8211; CEA<\/figcaption><\/figure>\n\n\n\n<figure class=\"wp-block-image size-full\"><img loading=\"lazy\" decoding=\"async\" width=\"1024\" height=\"768\" src=\"https:\/\/www.rutadosfornos.es\/web\/wp-content\/uploads\/2021\/06\/WhatsApp-Image-2021-06-12-at-15.22.21.jpeg\" alt=\"\" class=\"wp-image-56\" srcset=\"https:\/\/www.rutadosfornos.es\/web\/wp-content\/uploads\/2021\/06\/WhatsApp-Image-2021-06-12-at-15.22.21.jpeg 1024w, https:\/\/www.rutadosfornos.es\/web\/wp-content\/uploads\/2021\/06\/WhatsApp-Image-2021-06-12-at-15.22.21-300x225.jpeg 300w, https:\/\/www.rutadosfornos.es\/web\/wp-content\/uploads\/2021\/06\/WhatsApp-Image-2021-06-12-at-15.22.21-768x576.jpeg 768w, https:\/\/www.rutadosfornos.es\/web\/wp-content\/uploads\/2021\/06\/WhatsApp-Image-2021-06-12-at-15.22.21-250x188.jpeg 250w\" sizes=\"(max-width: 1024px) 100vw, 1024px\" \/><figcaption>PANDERETEIRAS DO FORROLLO &#8211; VILAR DE VACAS<\/figcaption><\/figure>\n\n\n\n<figure class=\"wp-block-image size-large\"><img loading=\"lazy\" decoding=\"async\" width=\"1024\" height=\"576\" src=\"https:\/\/www.rutadosfornos.es\/web\/wp-content\/uploads\/2021\/06\/WhatsApp-Image-2021-06-12-at-15.22.21-1-1024x576.jpeg\" alt=\"\" class=\"wp-image-60\" srcset=\"https:\/\/www.rutadosfornos.es\/web\/wp-content\/uploads\/2021\/06\/WhatsApp-Image-2021-06-12-at-15.22.21-1-1024x576.jpeg 1024w, https:\/\/www.rutadosfornos.es\/web\/wp-content\/uploads\/2021\/06\/WhatsApp-Image-2021-06-12-at-15.22.21-1-300x169.jpeg 300w, https:\/\/www.rutadosfornos.es\/web\/wp-content\/uploads\/2021\/06\/WhatsApp-Image-2021-06-12-at-15.22.21-1-768x432.jpeg 768w, https:\/\/www.rutadosfornos.es\/web\/wp-content\/uploads\/2021\/06\/WhatsApp-Image-2021-06-12-at-15.22.21-1-1536x864.jpeg 1536w, https:\/\/www.rutadosfornos.es\/web\/wp-content\/uploads\/2021\/06\/WhatsApp-Image-2021-06-12-at-15.22.21-1-250x141.jpeg 250w, https:\/\/www.rutadosfornos.es\/web\/wp-content\/uploads\/2021\/06\/WhatsApp-Image-2021-06-12-at-15.22.21-1.jpeg 1600w\" sizes=\"(max-width: 1024px) 100vw, 1024px\" \/><figcaption>PICAFOLES &#8211; OURENSE<\/figcaption><\/figure>\n\n\n\n<figure class=\"wp-block-image size-large\"><img loading=\"lazy\" decoding=\"async\" width=\"1024\" height=\"576\" src=\"https:\/\/www.rutadosfornos.es\/web\/wp-content\/uploads\/2021\/06\/WhatsApp-Image-2021-06-13-at-12.27.50-1024x576.jpeg\" alt=\"\" class=\"wp-image-62\" srcset=\"https:\/\/www.rutadosfornos.es\/web\/wp-content\/uploads\/2021\/06\/WhatsApp-Image-2021-06-13-at-12.27.50-1024x576.jpeg 1024w, https:\/\/www.rutadosfornos.es\/web\/wp-content\/uploads\/2021\/06\/WhatsApp-Image-2021-06-13-at-12.27.50-300x169.jpeg 300w, https:\/\/www.rutadosfornos.es\/web\/wp-content\/uploads\/2021\/06\/WhatsApp-Image-2021-06-13-at-12.27.50-768x432.jpeg 768w, https:\/\/www.rutadosfornos.es\/web\/wp-content\/uploads\/2021\/06\/WhatsApp-Image-2021-06-13-at-12.27.50-1536x864.jpeg 1536w, https:\/\/www.rutadosfornos.es\/web\/wp-content\/uploads\/2021\/06\/WhatsApp-Image-2021-06-13-at-12.27.50-250x141.jpeg 250w, https:\/\/www.rutadosfornos.es\/web\/wp-content\/uploads\/2021\/06\/WhatsApp-Image-2021-06-13-at-12.27.50.jpeg 2016w\" sizes=\"(max-width: 1024px) 100vw, 1024px\" \/><figcaption>PANDERETEIRAS DE CELAVELLA &#8211; OURENSE<\/figcaption><\/figure>\n","protected":false},"excerpt":{"rendered":"<p>PROGRAMA Lugar: San Cristovo de Cea Hora: de 18 a 22 horas Prazas limitadas Ubicaci\u00f3ns: Praza do Lodairo Forno do Lodairo Forno da Parapeta Forno do Santo Forno do Abade Forno da Cebola Albergue Forno [&hellip;]<\/p>\n","protected":false},"author":1,"featured_media":0,"parent":0,"menu_order":0,"comment_status":"closed","ping_status":"closed","template":"template-page-fullwidth.php","meta":{"footnotes":""},"_links":{"self":[{"href":"https:\/\/www.rutadosfornos.es\/web\/wp-json\/wp\/v2\/pages\/91"}],"collection":[{"href":"https:\/\/www.rutadosfornos.es\/web\/wp-json\/wp\/v2\/pages"}],"about":[{"href":"https:\/\/www.rutadosfornos.es\/web\/wp-json\/wp\/v2\/types\/page"}],"author":[{"embeddable":true,"href":"https:\/\/www.rutadosfornos.es\/web\/wp-json\/wp\/v2\/users\/1"}],"replies":[{"embeddable":true,"href":"https:\/\/www.rutadosfornos.es\/web\/wp-json\/wp\/v2\/comments?post=91"}],"version-history":[{"count":3,"href":"https:\/\/www.rutadosfornos.es\/web\/wp-json\/wp\/v2\/pages\/91\/revisions"}],"predecessor-version":[{"id":97,"href":"https:\/\/www.rutadosfornos.es\/web\/wp-json\/wp\/v2\/pages\/91\/revisions\/97"}],"wp:attachment":[{"href":"https:\/\/www.rutadosfornos.es\/web\/wp-json\/wp\/v2\/media?parent=91"}],"curies":[{"name":"wp","href":"https:\/\/api.w.org\/{rel}","templated":true}]}}